{"id":489,"date":"2026-03-06T01:29:51","date_gmt":"2026-03-06T04:29:51","guid":{"rendered":"https:\/\/sapiendesign.com.br\/?page_id=489"},"modified":"2026-03-24T10:20:16","modified_gmt":"2026-03-24T13:20:16","slug":"metodo-primordial","status":"publish","type":"page","link":"https:\/\/sapiendesign.com.br\/en\/metodo-primordial\/","title":{"rendered":"Primary method"},"content":{"rendered":"<div data-elementor-type=\"wp-page\" data-elementor-id=\"489\" class=\"elementor elementor-489\" data-elementor-post-type=\"page\">\n\t\t\t\t<div class=\"elementor-element elementor-element-58d4b13 e-flex e-con-boxed e-con e-parent\" data-id=\"58d4b13\" data-element_type=\"container\" data-e-type=\"container\" data-settings=\"{&quot;background_background&quot;:&quot;classic&quot;}\">\n\t\t\t\t\t<div class=\"e-con-inner\">\n\t\t<div class=\"elementor-element elementor-element-9e6faeb e-con-full e-flex e-con e-child\" data-id=\"9e6faeb\" data-element_type=\"container\" data-e-type=\"container\">\n\t\t\t\t<div class=\"elementor-element elementor-element-01b7ad3 elementor-widget__width-initial elementor-widget elementor-widget-heading\" data-id=\"01b7ad3\" data-element_type=\"widget\" data-e-type=\"widget\" data-widget_type=\"heading.default\">\n\t\t\t\t\t<h2 class=\"elementor-heading-title elementor-size-default\">The alchemy between strategy, creativity, execution, and dissemination defines our way of working.<\/h2>\t\t\t\t<\/div>\n\t\t\t\t<\/div>\n\t\t\t\t\t<\/div>\n\t\t\t\t<\/div>\n\t\t<div class=\"elementor-element elementor-element-4a291a5 e-flex e-con-boxed e-con e-parent\" data-id=\"4a291a5\" data-element_type=\"container\" data-e-type=\"container\">\n\t\t\t\t\t<div class=\"e-con-inner\">\n\t\t\t\t<div class=\"elementor-element elementor-element-7c6997c elementor-widget__width-initial elementor-widget elementor-widget-heading\" data-id=\"7c6997c\" data-element_type=\"widget\" data-e-type=\"widget\" data-widget_type=\"heading.default\">\n\t\t\t\t\t<h2 class=\"elementor-heading-title elementor-size-default\">From ancestral forces to memorable brands: Discover our proprietary methodology.<\/h2>\t\t\t\t<\/div>\n\t\t\t\t<div class=\"elementor-element elementor-element-5d55d82 elementor-widget__width-initial elementor-widget elementor-widget-n-accordion\" data-id=\"5d55d82\" data-element_type=\"widget\" data-e-type=\"widget\" data-settings=\"{&quot;default_state&quot;:&quot;expanded&quot;,&quot;max_items_expended&quot;:&quot;one&quot;,&quot;n_accordion_animation_duration&quot;:{&quot;unit&quot;:&quot;ms&quot;,&quot;size&quot;:400,&quot;sizes&quot;:[]}}\" data-widget_type=\"nested-accordion.default\">\n\t\t\t\t\t\t\t<div class=\"e-n-accordion\" aria-label=\"Accordion. Open links with Enter or Space, close with Escape, and navigate with Arrow Keys\">\n\t\t\t\t\t\t<details id=\"e-n-accordion-item-9780\" class=\"e-n-accordion-item\" open>\n\t\t\t\t<summary class=\"e-n-accordion-item-title\" data-accordion-index=\"1\" tabindex=\"0\" aria-expanded=\"true\" aria-controls=\"e-n-accordion-item-9780\" >\n\t\t\t\t\t<span class='e-n-accordion-item-title-header'><div class=\"e-n-accordion-item-title-text\"> The land is the strategic root. <\/div><\/span>\n\t\t\t\t\t\t\t<span class='e-n-accordion-item-title-icon'>\n\t\t\t<span class='e-opened' ><svg xmlns=\"http:\/\/www.w3.org\/2000\/svg\" width=\"16\" height=\"16\" viewbox=\"0 0 16 16\" fill=\"none\"><g clip-path=\"url(#clip0_478_527)\"><path d=\"M5.14063 4.64063C5.24479 4.54688 5.36458 4.5 5.5 4.5C5.63542 4.5 5.75521 4.54688 5.85938 4.64063L10.8594 9.64063C10.9531 9.74479 11 9.86458 11 10C11 10.1354 10.9531 10.2552 10.8594 10.3594C10.7552 10.4531 10.6354 10.5 10.5 10.5C10.3646 10.5 10.2448 10.4531 10.1406 10.3594L5.5 5.70313L0.859376 10.3594C0.75521 10.4531 0.635418 10.5 0.500001 10.5C0.364585 10.5 0.244793 10.4531 0.140626 10.3594C0.0468764 10.2552 1.38152e-06 10.1354 1.36955e-06 10C1.35759e-06 9.86458 0.0468763 9.74479 0.140626 9.64063L5.14063 4.64063Z\" fill=\"white\"><\/path><\/g><defs><clippath id=\"clip0_478_527\"><rect width=\"16\" height=\"16\" fill=\"white\" transform=\"matrix(1 -8.64973e-08 -8.83581e-08 -1 1.41373e-06 16)\"><\/rect><\/clippath><\/defs><\/svg><\/span>\n\t\t\t<span class='e-closed'><svg xmlns=\"http:\/\/www.w3.org\/2000\/svg\" width=\"16\" height=\"16\" viewbox=\"0 0 16 16\" fill=\"none\"><g clip-path=\"url(#clip0_478_534)\"><path d=\"M0.140626 5.64063C0.244793 5.54688 0.364584 5.5 0.500001 5.5C0.635418 5.5 0.755209 5.54688 0.859376 5.64063L5.5 10.2969L10.1406 5.64063C10.2448 5.54688 10.3646 5.5 10.5 5.5C10.6354 5.5 10.7552 5.54688 10.8594 5.64063C10.9531 5.74479 11 5.86458 11 6C11 6.13542 10.9531 6.25521 10.8594 6.35938L5.85938 11.3594C5.75521 11.4531 5.63542 11.5 5.5 11.5C5.36458 11.5 5.24479 11.4531 5.14063 11.3594L0.140626 6.35938C0.046876 6.25521 9.41036e-07 6.13542 9.29054e-07 6C9.17072e-07 5.86458 0.0468759 5.74479 0.140626 5.64063Z\" fill=\"black\"><\/path><\/g><defs><clippath id=\"clip0_478_534\"><rect width=\"16\" height=\"16\" fill=\"white\" transform=\"matrix(1 -8.63769e-08 -8.84814e-08 -1 1.4157e-06 16)\"><\/rect><\/clippath><\/defs><\/svg><\/span>\n\t\t<\/span>\n\n\t\t\t\t\t\t<\/summary>\n\t\t\t\t<div role=\"region\" aria-labelledby=\"e-n-accordion-item-9780\" class=\"elementor-element elementor-element-d692040 e-con-full e-flex e-con e-child\" data-id=\"d692040\" data-element_type=\"container\" data-e-type=\"container\">\n\t\t\t\t<div class=\"elementor-element elementor-element-934c197 elementor-widget elementor-widget-text-editor\" data-id=\"934c197\" data-element_type=\"widget\" data-e-type=\"widget\" data-widget_type=\"text-editor.default\">\n\t\t\t\t\t\t\t\t\t<h5><b>The strength of the foundation<\/b><\/h5><p><span style=\"font-weight: 400;\">Earth is where it all begins. It&#039;s the strategic foundation that underpins every creative decision, based on in-depth research, a briefing that goes beyond the obvious, with cultural and semiotic analysis.<\/span><\/p><p><span style=\"font-weight: 400;\">Here, we build the solid foundation so that every color, shape, and symbol that emerges later already carries a &quot;why.&quot; It is the Earth that ensures your brand has roots deep enough to withstand crises, adapt to change, and thrive consistently.<\/span><\/p><p><i><span style=\"font-weight: 400;\">Strategic briefing + in-depth research + cultural and semiotic analysis = solid foundation<\/span><\/i><\/p>\t\t\t\t\t\t\t\t<\/div>\n\t\t\t\t<\/div>\n\t\t\t\t\t<\/details>\n\t\t\t\t\t\t<details id=\"e-n-accordion-item-9781\" class=\"e-n-accordion-item\" >\n\t\t\t\t<summary class=\"e-n-accordion-item-title\" data-accordion-index=\"2\" tabindex=\"-1\" aria-expanded=\"false\" aria-controls=\"e-n-accordion-item-9781\" >\n\t\t\t\t\t<span class='e-n-accordion-item-title-header'><div class=\"e-n-accordion-item-title-text\"> Water is the creative flow. <\/div><\/span>\n\t\t\t\t\t\t\t<span class='e-n-accordion-item-title-icon'>\n\t\t\t<span class='e-opened' ><svg xmlns=\"http:\/\/www.w3.org\/2000\/svg\" width=\"16\" height=\"16\" viewbox=\"0 0 16 16\" fill=\"none\"><g clip-path=\"url(#clip0_478_527)\"><path d=\"M5.14063 4.64063C5.24479 4.54688 5.36458 4.5 5.5 4.5C5.63542 4.5 5.75521 4.54688 5.85938 4.64063L10.8594 9.64063C10.9531 9.74479 11 9.86458 11 10C11 10.1354 10.9531 10.2552 10.8594 10.3594C10.7552 10.4531 10.6354 10.5 10.5 10.5C10.3646 10.5 10.2448 10.4531 10.1406 10.3594L5.5 5.70313L0.859376 10.3594C0.75521 10.4531 0.635418 10.5 0.500001 10.5C0.364585 10.5 0.244793 10.4531 0.140626 10.3594C0.0468764 10.2552 1.38152e-06 10.1354 1.36955e-06 10C1.35759e-06 9.86458 0.0468763 9.74479 0.140626 9.64063L5.14063 4.64063Z\" fill=\"white\"><\/path><\/g><defs><clippath id=\"clip0_478_527\"><rect width=\"16\" height=\"16\" fill=\"white\" transform=\"matrix(1 -8.64973e-08 -8.83581e-08 -1 1.41373e-06 16)\"><\/rect><\/clippath><\/defs><\/svg><\/span>\n\t\t\t<span class='e-closed'><svg xmlns=\"http:\/\/www.w3.org\/2000\/svg\" width=\"16\" height=\"16\" viewbox=\"0 0 16 16\" fill=\"none\"><g clip-path=\"url(#clip0_478_534)\"><path d=\"M0.140626 5.64063C0.244793 5.54688 0.364584 5.5 0.500001 5.5C0.635418 5.5 0.755209 5.54688 0.859376 5.64063L5.5 10.2969L10.1406 5.64063C10.2448 5.54688 10.3646 5.5 10.5 5.5C10.6354 5.5 10.7552 5.54688 10.8594 5.64063C10.9531 5.74479 11 5.86458 11 6C11 6.13542 10.9531 6.25521 10.8594 6.35938L5.85938 11.3594C5.75521 11.4531 5.63542 11.5 5.5 11.5C5.36458 11.5 5.24479 11.4531 5.14063 11.3594L0.140626 6.35938C0.046876 6.25521 9.41036e-07 6.13542 9.29054e-07 6C9.17072e-07 5.86458 0.0468759 5.74479 0.140626 5.64063Z\" fill=\"black\"><\/path><\/g><defs><clippath id=\"clip0_478_534\"><rect width=\"16\" height=\"16\" fill=\"white\" transform=\"matrix(1 -8.63769e-08 -8.84814e-08 -1 1.4157e-06 16)\"><\/rect><\/clippath><\/defs><\/svg><\/span>\n\t\t<\/span>\n\n\t\t\t\t\t\t<\/summary>\n\t\t\t\t<div role=\"region\" aria-labelledby=\"e-n-accordion-item-9781\" class=\"elementor-element elementor-element-6099956 e-con-full e-flex e-con e-child\" data-id=\"6099956\" data-element_type=\"container\" data-e-type=\"container\">\n\t\t\t\t<div class=\"elementor-element elementor-element-90fb403 elementor-widget elementor-widget-text-editor\" data-id=\"90fb403\" data-element_type=\"widget\" data-e-type=\"widget\" data-widget_type=\"text-editor.default\">\n\t\t\t\t\t\t\t\t\t<h5><b>The power of adaptation<\/b><\/h5><p><span style=\"font-weight: 400;\">Water is the creation that flows naturally from the Earth. We co-create with our clients and explore multiple creative avenues \u2013 all anchored in strategy.<\/span><\/p><p><span style=\"font-weight: 400;\">Like water that molds itself to the shape of its container without losing its essence, our process adapts to your rhythm and needs, maintaining quality and integrity intact. Flexibility with integrity.<\/span><\/p><p><i><span style=\"font-weight: 400;\">Exploration + multiple creative paths + collaborative refinement = fluid creation<\/span><\/i><\/p>\t\t\t\t\t\t\t\t<\/div>\n\t\t\t\t<\/div>\n\t\t\t\t\t<\/details>\n\t\t\t\t\t\t<details id=\"e-n-accordion-item-9782\" class=\"e-n-accordion-item\" >\n\t\t\t\t<summary class=\"e-n-accordion-item-title\" data-accordion-index=\"3\" tabindex=\"-1\" aria-expanded=\"false\" aria-controls=\"e-n-accordion-item-9782\" >\n\t\t\t\t\t<span class='e-n-accordion-item-title-header'><div class=\"e-n-accordion-item-title-text\"> FIRE IS THE FORCE OF EXECUTION <\/div><\/span>\n\t\t\t\t\t\t\t<span class='e-n-accordion-item-title-icon'>\n\t\t\t<span class='e-opened' ><svg xmlns=\"http:\/\/www.w3.org\/2000\/svg\" width=\"16\" height=\"16\" viewbox=\"0 0 16 16\" fill=\"none\"><g clip-path=\"url(#clip0_478_527)\"><path d=\"M5.14063 4.64063C5.24479 4.54688 5.36458 4.5 5.5 4.5C5.63542 4.5 5.75521 4.54688 5.85938 4.64063L10.8594 9.64063C10.9531 9.74479 11 9.86458 11 10C11 10.1354 10.9531 10.2552 10.8594 10.3594C10.7552 10.4531 10.6354 10.5 10.5 10.5C10.3646 10.5 10.2448 10.4531 10.1406 10.3594L5.5 5.70313L0.859376 10.3594C0.75521 10.4531 0.635418 10.5 0.500001 10.5C0.364585 10.5 0.244793 10.4531 0.140626 10.3594C0.0468764 10.2552 1.38152e-06 10.1354 1.36955e-06 10C1.35759e-06 9.86458 0.0468763 9.74479 0.140626 9.64063L5.14063 4.64063Z\" fill=\"white\"><\/path><\/g><defs><clippath id=\"clip0_478_527\"><rect width=\"16\" height=\"16\" fill=\"white\" transform=\"matrix(1 -8.64973e-08 -8.83581e-08 -1 1.41373e-06 16)\"><\/rect><\/clippath><\/defs><\/svg><\/span>\n\t\t\t<span class='e-closed'><svg xmlns=\"http:\/\/www.w3.org\/2000\/svg\" width=\"16\" height=\"16\" viewbox=\"0 0 16 16\" fill=\"none\"><g clip-path=\"url(#clip0_478_534)\"><path d=\"M0.140626 5.64063C0.244793 5.54688 0.364584 5.5 0.500001 5.5C0.635418 5.5 0.755209 5.54688 0.859376 5.64063L5.5 10.2969L10.1406 5.64063C10.2448 5.54688 10.3646 5.5 10.5 5.5C10.6354 5.5 10.7552 5.54688 10.8594 5.64063C10.9531 5.74479 11 5.86458 11 6C11 6.13542 10.9531 6.25521 10.8594 6.35938L5.85938 11.3594C5.75521 11.4531 5.63542 11.5 5.5 11.5C5.36458 11.5 5.24479 11.4531 5.14063 11.3594L0.140626 6.35938C0.046876 6.25521 9.41036e-07 6.13542 9.29054e-07 6C9.17072e-07 5.86458 0.0468759 5.74479 0.140626 5.64063Z\" fill=\"black\"><\/path><\/g><defs><clippath id=\"clip0_478_534\"><rect width=\"16\" height=\"16\" fill=\"white\" transform=\"matrix(1 -8.63769e-08 -8.84814e-08 -1 1.4157e-06 16)\"><\/rect><\/clippath><\/defs><\/svg><\/span>\n\t\t<\/span>\n\n\t\t\t\t\t\t<\/summary>\n\t\t\t\t<div role=\"region\" aria-labelledby=\"e-n-accordion-item-9782\" class=\"elementor-element elementor-element-8cdf271 e-con-full e-flex e-con e-child\" data-id=\"8cdf271\" data-element_type=\"container\" data-e-type=\"container\">\n\t\t\t\t<div class=\"elementor-element elementor-element-59f1fb1 elementor-widget elementor-widget-text-editor\" data-id=\"59f1fb1\" data-element_type=\"widget\" data-e-type=\"widget\" data-widget_type=\"text-editor.default\">\n\t\t\t\t\t\t\t\t\t<h5><b>The power of transformation<\/b><\/h5><p><span style=\"font-weight: 400;\">Fire is where the concept becomes reality through excellence in execution. Each delivery maintains the same creative temperature, the same intensity of quality. The essence remains intact because everything is forged in the same place, by the same hands.<\/span><\/p><p><span style=\"font-weight: 400;\">Our audiovisual production company has unique gastronomic expertise in Brazil: the Sapien Experimental Kitchen. We create visual narratives for food and beverages that make sense because we have a deep understanding of preparation, textures, and angles that sell.<\/span><\/p><p><i><span style=\"font-weight: 400;\">Complete production + creative consistency + rigorous quality = integrated execution.<\/span><\/i><\/p>\t\t\t\t\t\t\t\t<\/div>\n\t\t\t\t<\/div>\n\t\t\t\t\t<\/details>\n\t\t\t\t\t\t<details id=\"e-n-accordion-item-9783\" class=\"e-n-accordion-item\" >\n\t\t\t\t<summary class=\"e-n-accordion-item-title\" data-accordion-index=\"4\" tabindex=\"-1\" aria-expanded=\"false\" aria-controls=\"e-n-accordion-item-9783\" >\n\t\t\t\t\t<span class='e-n-accordion-item-title-header'><div class=\"e-n-accordion-item-title-text\"> Air is continuous evolution. <\/div><\/span>\n\t\t\t\t\t\t\t<span class='e-n-accordion-item-title-icon'>\n\t\t\t<span class='e-opened' ><svg xmlns=\"http:\/\/www.w3.org\/2000\/svg\" width=\"16\" height=\"16\" viewbox=\"0 0 16 16\" fill=\"none\"><g clip-path=\"url(#clip0_478_527)\"><path d=\"M5.14063 4.64063C5.24479 4.54688 5.36458 4.5 5.5 4.5C5.63542 4.5 5.75521 4.54688 5.85938 4.64063L10.8594 9.64063C10.9531 9.74479 11 9.86458 11 10C11 10.1354 10.9531 10.2552 10.8594 10.3594C10.7552 10.4531 10.6354 10.5 10.5 10.5C10.3646 10.5 10.2448 10.4531 10.1406 10.3594L5.5 5.70313L0.859376 10.3594C0.75521 10.4531 0.635418 10.5 0.500001 10.5C0.364585 10.5 0.244793 10.4531 0.140626 10.3594C0.0468764 10.2552 1.38152e-06 10.1354 1.36955e-06 10C1.35759e-06 9.86458 0.0468763 9.74479 0.140626 9.64063L5.14063 4.64063Z\" fill=\"white\"><\/path><\/g><defs><clippath id=\"clip0_478_527\"><rect width=\"16\" height=\"16\" fill=\"white\" transform=\"matrix(1 -8.64973e-08 -8.83581e-08 -1 1.41373e-06 16)\"><\/rect><\/clippath><\/defs><\/svg><\/span>\n\t\t\t<span class='e-closed'><svg xmlns=\"http:\/\/www.w3.org\/2000\/svg\" width=\"16\" height=\"16\" viewbox=\"0 0 16 16\" fill=\"none\"><g clip-path=\"url(#clip0_478_534)\"><path d=\"M0.140626 5.64063C0.244793 5.54688 0.364584 5.5 0.500001 5.5C0.635418 5.5 0.755209 5.54688 0.859376 5.64063L5.5 10.2969L10.1406 5.64063C10.2448 5.54688 10.3646 5.5 10.5 5.5C10.6354 5.5 10.7552 5.54688 10.8594 5.64063C10.9531 5.74479 11 5.86458 11 6C11 6.13542 10.9531 6.25521 10.8594 6.35938L5.85938 11.3594C5.75521 11.4531 5.63542 11.5 5.5 11.5C5.36458 11.5 5.24479 11.4531 5.14063 11.3594L0.140626 6.35938C0.046876 6.25521 9.41036e-07 6.13542 9.29054e-07 6C9.17072e-07 5.86458 0.0468759 5.74479 0.140626 5.64063Z\" fill=\"black\"><\/path><\/g><defs><clippath id=\"clip0_478_534\"><rect width=\"16\" height=\"16\" fill=\"white\" transform=\"matrix(1 -8.63769e-08 -8.84814e-08 -1 1.4157e-06 16)\"><\/rect><\/clippath><\/defs><\/svg><\/span>\n\t\t<\/span>\n\n\t\t\t\t\t\t<\/summary>\n\t\t\t\t<div role=\"region\" aria-labelledby=\"e-n-accordion-item-9783\" class=\"elementor-element elementor-element-de9e3ad e-con-full e-flex e-con e-child\" data-id=\"de9e3ad\" data-element_type=\"container\" data-e-type=\"container\">\n\t\t\t\t<div class=\"elementor-element elementor-element-f97bdf0 elementor-widget elementor-widget-text-editor\" data-id=\"f97bdf0\" data-element_type=\"widget\" data-e-type=\"widget\" data-widget_type=\"text-editor.default\">\n\t\t\t\t\t\t\t\t\t<h5><b>The power of connection<\/b><\/h5><p><span style=\"font-weight: 400;\">Air is what keeps your brand alive in the market, long after the &quot;final delivery.&quot; We don&#039;t abandon projects \u2013 we monitor progress, answer implementation questions, and make adjustments when necessary.<\/span><\/p><p><span style=\"font-weight: 400;\">Ongoing support included, regular check-ins, strategic consulting for new challenges that arise. Because we understand that a brand is not a project with a beginning, middle, and end. It&#039;s an organism that needs care to thrive.<\/span><\/p><p><i><span style=\"font-weight: 400;\">Dissemination + analysis and review + close support = brand evolution<\/span><\/i><\/p>\t\t\t\t\t\t\t\t<\/div>\n\t\t\t\t<\/div>\n\t\t\t\t\t<\/details>\n\t\t\t\t\t<\/div>\n\t\t\t\t\t\t<\/div>\n\t\t\t\t\t<\/div>\n\t\t\t\t<\/div>\n\t\t<div class=\"elementor-element elementor-element-ef59802 e-flex e-con-boxed e-con e-parent\" data-id=\"ef59802\" data-element_type=\"container\" data-e-type=\"container\" data-settings=\"{&quot;background_background&quot;:&quot;classic&quot;}\">\n\t\t\t\t\t<div class=\"e-con-inner\">\n\t\t\t\t<div class=\"elementor-element elementor-element-7e9c024 elementor-widget elementor-widget-heading\" data-id=\"7e9c024\" data-element_type=\"widget\" data-e-type=\"widget\" data-widget_type=\"heading.default\">\n\t\t\t\t\t<h2 class=\"elementor-heading-title elementor-size-default\">Let&#039;s transform your brand?<\/h2>\t\t\t\t<\/div>\n\t\t\t\t<div class=\"elementor-element elementor-element-7fc90aa elementor-align-center elementor-widget elementor-widget-button\" data-id=\"7fc90aa\" data-element_type=\"widget\" data-e-type=\"widget\" data-widget_type=\"button.default\">\n\t\t\t\t\t\t\t\t\t\t<a class=\"elementor-button elementor-button-link elementor-size-sm\" href=\"https:\/\/wa.link\/qrd3sm\" target=\"_blank\">\n\t\t\t\t\t\t<span class=\"elementor-button-content-wrapper\">\n\t\t\t\t\t\t\t\t\t<span class=\"elementor-button-text\">Click here to schedule a conversation.<\/span>\n\t\t\t\t\t<\/span>\n\t\t\t\t\t<\/a>\n\t\t\t\t\t\t\t\t<\/div>\n\t\t\t\t\t<\/div>\n\t\t\t\t<\/div>\n\t\t\t\t<\/div>","protected":false},"excerpt":{"rendered":"<p>A alquimia entre estrat\u00e9gia, criatividade, execu\u00e7\u00e3o e propaga\u00e7\u00e3o define a nossa forma de trabalhar Das for\u00e7as ancestrais \u00e0s marcas memor\u00e1veis: Conhe\u00e7a nossa metodologia propriet\u00e1ria A TERRA S\u00c3O AS RA\u00cdZES ESTRAT\u00c9GICAS A for\u00e7a da funda\u00e7\u00e3o Terra \u00e9 onde tudo come\u00e7a. \u00c9 o fundamento estrat\u00e9gico que sustenta cada decis\u00e3o criativa, baseado em pesquisa profunda, briefing que vai [&hellip;]<\/p>\n","protected":false},"author":1,"featured_media":0,"parent":0,"menu_order":0,"comment_status":"closed","ping_status":"closed","template":"elementor_header_footer","meta":{"footnotes":""},"class_list":["post-489","page","type-page","status-publish","hentry"],"_links":{"self":[{"href":"https:\/\/sapiendesign.com.br\/en\/wp-json\/wp\/v2\/pages\/489","targetHints":{"allow":["GET"]}}],"collection":[{"href":"https:\/\/sapiendesign.com.br\/en\/wp-json\/wp\/v2\/pages"}],"about":[{"href":"https:\/\/sapiendesign.com.br\/en\/wp-json\/wp\/v2\/types\/page"}],"author":[{"embeddable":true,"href":"https:\/\/sapiendesign.com.br\/en\/wp-json\/wp\/v2\/users\/1"}],"replies":[{"embeddable":true,"href":"https:\/\/sapiendesign.com.br\/en\/wp-json\/wp\/v2\/comments?post=489"}],"version-history":[{"count":175,"href":"https:\/\/sapiendesign.com.br\/en\/wp-json\/wp\/v2\/pages\/489\/revisions"}],"predecessor-version":[{"id":1952,"href":"https:\/\/sapiendesign.com.br\/en\/wp-json\/wp\/v2\/pages\/489\/revisions\/1952"}],"wp:attachment":[{"href":"https:\/\/sapiendesign.com.br\/en\/wp-json\/wp\/v2\/media?parent=489"}],"curies":[{"name":"wp","href":"https:\/\/api.w.org\/{rel}","templated":true}]}}